{"id":654,"date":"2023-02-18T17:05:05","date_gmt":"2023-02-18T17:05:05","guid":{"rendered":"https:\/\/www.future.infotisak-koscica.hr\/?page_id=654"},"modified":"2023-02-28T20:56:54","modified_gmt":"2023-02-28T20:56:54","slug":"novosti","status":"publish","type":"page","link":"https:\/\/www.newstem-kutina.info\/en\/novosti\/","title":{"rendered":"News"},"content":{"rendered":"<p>Osnovna \u0161kola Banova Jaruga dio je eksperimentalnog programa osnovna \u0161kola kao cjelodnevna \u0161kola, tako da se oprema i vje\u0161tine ste\u010dene sudjelovanjem u projektu NEW STEM Kutina \u2013 ABECEDA budu\u0107nosti osim u samoj nastavi koriste i u nizu izvannastavnih, tzv. B1 i B2 aktivnosti. U\u010denici i njihovi u\u010ditelji kroz ne\u0161to manje od dvije godine provedbe projekta stekli su brojne vje\u0161tine u STEM podru\u010djima, a zahvaljuju\u0107i sredstvima projekta jedna je u\u010dionica u potpunosti opremljena novim namje\u0161tajem, klimom, audiovizulanom, informati\u010dkom, roboti\u010dkom i didakti\u010dkom opremom.<br \/>Sva se oprema i dalje aktivno koristi u svakodnevnoj nastavi informatike, ali i raznim izvannastavnim aktivnostima, pa tako, izme\u0111u &hellip;<\/p>","protected":false},"excerpt":{"rendered":"<p>Osnovna \u0161kola Banova Jaruga dio je eksperimentalnog programa osnovna \u0161kola kao cjelodnevna \u0161kola, tako da se oprema i vje\u0161tine ste\u010dene sudjelovanjem u projektu NEW STEM Kutina \u2013 ABECEDA budu\u0107nosti osim u samoj nastavi koriste i u nizu izvannastavnih, tzv. B1 i B2 aktivnosti. U\u010denici i njihovi u\u010ditelji kroz ne\u0161to manje od dvije godine provedbe projekta stekli su brojne vje\u0161tine u STEM podru\u010djima, a zahvaljuju\u0107i sredstvima projekta jedna je u\u010dionica u potpunosti opremljena novim namje\u0161tajem, klimom, audiovizulanom, informati\u010dkom, roboti\u010dkom i didakti\u010dkom opremom.<br \/>Sva se oprema i dalje aktivno koristi u svakodnevnoj nastavi informatike, ali i raznim izvannastavnim aktivnostima, pa tako, izme\u0111u &hellip;<\/p>","protected":false},"author":1,"featured_media":0,"parent":0,"menu_order":0,"comment_status":"closed","ping_status":"closed","template":"","meta":{"_eb_attr":"","site-sidebar-layout":"left-sidebar","site-content-layout":"plain-container","ast-global-header-display":"","ast-main-header-display":"","ast-hfb-above-header-display":"","ast-hfb-below-header-display":"","ast-hfb-mobile-header-display":"","site-post-title":"disabled","ast-breadcrumbs-content":"","ast-featured-img":"","footer-sml-layout":"","theme-transparent-header-meta":"","adv-header-id-meta":"","stick-header-meta":"","header-above-stick-meta":"","header-main-stick-meta":"","header-below-stick-meta":"","footnotes":""},"_links":{"self":[{"href":"https:\/\/www.newstem-kutina.info\/en\/wp-json\/wp\/v2\/pages\/654"}],"collection":[{"href":"https:\/\/www.newstem-kutina.info\/en\/wp-json\/wp\/v2\/pages"}],"about":[{"href":"https:\/\/www.newstem-kutina.info\/en\/wp-json\/wp\/v2\/types\/page"}],"author":[{"embeddable":true,"href":"https:\/\/www.newstem-kutina.info\/en\/wp-json\/wp\/v2\/users\/1"}],"replies":[{"embeddable":true,"href":"https:\/\/www.newstem-kutina.info\/en\/wp-json\/wp\/v2\/comments?post=654"}],"version-history":[{"count":53,"href":"https:\/\/www.newstem-kutina.info\/en\/wp-json\/wp\/v2\/pages\/654\/revisions"}],"predecessor-version":[{"id":1920,"href":"https:\/\/www.newstem-kutina.info\/en\/wp-json\/wp\/v2\/pages\/654\/revisions\/1920"}],"wp:attachment":[{"href":"https:\/\/www.newstem-kutina.info\/en\/wp-json\/wp\/v2\/media?parent=654"}],"curies":[{"name":"wp","href":"https:\/\/api.w.org\/{rel}","templated":true}]}}