{"id":308,"date":"2023-02-18T06:58:00","date_gmt":"2023-02-18T06:58:00","guid":{"rendered":"https:\/\/www.future.infotisak-koscica.hr\/?page_id=308"},"modified":"2024-01-31T18:29:36","modified_gmt":"2024-01-31T17:29:36","slug":"308-2","status":"publish","type":"page","link":"https:\/\/www.newstem-kutina.info\/en\/","title":{"rendered":"Po\u010detna stranica"},"content":{"rendered":"<p>U Poduzetni\u010dkom inkubatoru u Kutini 25. travnja 2024. godine odr\u017eana je zavr\u0161na konferencija projekta \u201eNEW STEM Kutina \u2013 ABECEDA budu\u0107nosti\u201c kojeg je nositelj Grad Kutina. Projekt se provodi od 1. kolovoza 2022. do 30. travnja 2024. i na samom kraju Projekta svi dionici su zadovoljni ostvarenom suradnjom i rezultatima.<\/p>\n\n\n\n<p>Cilj projekta bio je pobolj\u0161ati kapacitete osnovno\u0161kolskog obrazovanja na podru\u010dju Grada Kutine opremanjem STEM u\u010dionica, podizanjem STEM vje\u0161tina 100 u\u010ditelja i drugih odgojno-obrazovnih radnika i 600 u\u010denika u 5 osnovnih \u0161kola, zajedno s pobolj\u0161anjem njihovih sposobnosti u podru\u010dju primjene Informacijsko-komunikacijska tehnologija u odgoju i obrazovanju, razvoju aktivnog gra\u0111anstva te razvoju poduzetni\u0161tva. &hellip;<\/p>","protected":false},"excerpt":{"rendered":"<p>U Poduzetni\u010dkom inkubatoru u Kutini 25. travnja 2024. godine odr\u017eana je zavr\u0161na konferencija projekta \u201eNEW STEM Kutina \u2013 ABECEDA budu\u0107nosti\u201c kojeg je nositelj Grad Kutina. Projekt se provodi od 1. kolovoza 2022. do 30. travnja 2024. i na samom kraju Projekta svi dionici su zadovoljni ostvarenom suradnjom i rezultatima.<\/p>\n\n\n\n<p>Cilj projekta bio je pobolj\u0161ati kapacitete osnovno\u0161kolskog obrazovanja na podru\u010dju Grada Kutine opremanjem STEM u\u010dionica, podizanjem STEM vje\u0161tina 100 u\u010ditelja i drugih odgojno-obrazovnih radnika i 600 u\u010denika u 5 osnovnih \u0161kola, zajedno s pobolj\u0161anjem njihovih sposobnosti u podru\u010dju primjene Informacijsko-komunikacijska tehnologija u odgoju i obrazovanju, razvoju aktivnog gra\u0111anstva te razvoju poduzetni\u0161tva. &hellip;<\/p>","protected":false},"author":2,"featured_media":0,"parent":0,"menu_order":0,"comment_status":"closed","ping_status":"closed","template":"","meta":{"_eb_attr":"","site-sidebar-layout":"no-sidebar","site-content-layout":"plain-container","ast-global-header-display":"","ast-main-header-display":"","ast-hfb-above-header-display":"","ast-hfb-below-header-display":"","ast-hfb-mobile-header-display":"","site-post-title":"disabled","ast-breadcrumbs-content":"","ast-featured-img":"","footer-sml-layout":"","theme-transparent-header-meta":"default","adv-header-id-meta":"","stick-header-meta":"","header-above-stick-meta":"","header-main-stick-meta":"","header-below-stick-meta":"","footnotes":""},"_links":{"self":[{"href":"https:\/\/www.newstem-kutina.info\/en\/wp-json\/wp\/v2\/pages\/308"}],"collection":[{"href":"https:\/\/www.newstem-kutina.info\/en\/wp-json\/wp\/v2\/pages"}],"about":[{"href":"https:\/\/www.newstem-kutina.info\/en\/wp-json\/wp\/v2\/types\/page"}],"author":[{"embeddable":true,"href":"https:\/\/www.newstem-kutina.info\/en\/wp-json\/wp\/v2\/users\/2"}],"replies":[{"embeddable":true,"href":"https:\/\/www.newstem-kutina.info\/en\/wp-json\/wp\/v2\/comments?post=308"}],"version-history":[{"count":486,"href":"https:\/\/www.newstem-kutina.info\/en\/wp-json\/wp\/v2\/pages\/308\/revisions"}],"predecessor-version":[{"id":2556,"href":"https:\/\/www.newstem-kutina.info\/en\/wp-json\/wp\/v2\/pages\/308\/revisions\/2556"}],"wp:attachment":[{"href":"https:\/\/www.newstem-kutina.info\/en\/wp-json\/wp\/v2\/media?parent=308"}],"curies":[{"name":"wp","href":"https:\/\/api.w.org\/{rel}","templated":true}]}}