{"id":3,"date":"2023-02-12T18:30:18","date_gmt":"2023-02-12T18:30:18","guid":{"rendered":"https:\/\/www.future.infotisak-koscica.hr\/?page_id=3"},"modified":"2023-02-23T18:04:00","modified_gmt":"2023-02-23T18:04:00","slug":"privacy-policy","status":"publish","type":"page","link":"https:\/\/www.newstem-kutina.info\/en\/privacy-policy\/","title":{"rendered":"Privacy policy"},"content":{"rendered":"<h2 class=\"has-ast-global-color-3-color has-text-color has-x-large-font-size wp-block-heading\" style=\"margin-top:var(--wp--preset--spacing--40);font-style:normal;font-weight:700\">Privacy statement<\/h2>\n\n\n\n<div class=\"wp-block-columns alignwide is-layout-flex wp-container-2 wp-block-columns-is-layout-flex\">\n<div class=\"wp-block-column is-layout-flow wp-block-column-is-layout-flow\" style=\"padding-top:0;padding-right:0;padding-bottom:0;padding-left:0\">\n<figure class=\"wp-block-image size-full is-style-default\"><img decoding=\"async\" loading=\"lazy\" width=\"640\" height=\"300\" src=\"https:\/\/www.future.infotisak-koscica.hr\/wp-content\/uploads\/2023\/02\/regulation-3246979_640.jpg\" alt=\"\" class=\"wp-image-937\" srcset=\"https:\/\/www.newstem-kutina.info\/wp-content\/uploads\/2023\/02\/regulation-3246979_640.jpg 640w, https:\/\/www.newstem-kutina.info\/wp-content\/uploads\/2023\/02\/regulation-3246979_640-300x141.jpg 300w, https:\/\/www.newstem-kutina.info\/wp-content\/uploads\/2023\/02\/regulation-3246979_640-18x8.jpg 18w\" sizes=\"(max-width: 640px) 100vw, 640px\" \/><\/figure>\n<\/div>\n<\/div>\n\n\n\n<h2 class=\"has-ast-global-color-3-color has-text-color has-medium-font-size wp-block-heading\" style=\"font-style:normal;font-weight:700\">RULES OF USE:<\/h2>\n\n\n\n<p>By using any part of the newstem-kutina.info portal and all its parts, you automatically accept all current rules of use. Users are obliged to regularly read the rules of use, and it is considered that users, by continuously using the newstem-kutina.info portal or any part of it, are familiar with the current rules of use at all times, and that they have understood them in their entirety. No part of the newstem-kutina.info portal may be used for illegal purposes or to promote them.<\/p>\n\n\n\n<h2 class=\"has-ast-global-color-3-color has-text-color has-medium-font-size wp-block-heading\" style=\"font-style:normal;font-weight:700;text-transform:uppercase\">privacy protection:<\/h2>\n\n\n\n<p>Newstem-kutina.info protects user privacy to the greatest extent possible. newstem-kutina.info undertakes to use data obtained from the user while using the portal in good faith, and not to distribute or sell private data to third parties, except with the user&#039;s permission. Newstem-kutina.info may, in accordance with the law, collect certain user data obtained during the use of the portal (exclusively computer data and Internet provider data). This data is used by newstem-kutina.info in order to have information about the users who use it, and thus improve the portal and further direct and adapt its contents to the audience that visits it. Based on this data, we find out which contents are the most popular among which audience. Data collection of this type in this or larger volume is common, and it is also used by well-known world websites such as MSN, Google, etc. newstem-kutina.info undertakes that collected private data such as e-mail address, first and last name will not without the permission of each individual user to sell or distribute, except demographic data for a group of users without revealing private information. newstem-kutina.info undertakes to protect the privacy of the users of the portal, except in case of serious violation of the rules of the newstem-kutina.info portal or illegal activities of the users.<\/p>\n\n\n\n<h2 class=\"has-ast-global-color-3-color has-text-color has-medium-font-size wp-block-heading\" style=\"font-style:normal;font-weight:700\">COOKIES:<\/h2>\n\n\n\n<p>Cookies are text files saved on your computer that collect standard Internet information and information about the behavior of users of our Internet pages. This information is used to monitor the use of our websites and to create statistical reports on the activities on our websites.<\/p>\n\n\n\n<p>You can adjust your internet browser so that it does not accept cookies, but in this case some of the features of our websites will not work properly.<\/p>\n\n\n\n<p>We use cookies to track site visits and do not store personal information.<\/p>\n\n\n\n<h2 class=\"has-ast-global-color-3-color has-text-color has-medium-font-size wp-block-heading\" style=\"font-style:normal;font-weight:700\">LINKS TO EXTERNAL PAGES:<\/h2>\n\n\n\n<p>Newstem-kutina.info contains links to websites outside its own portal. Newstem-kutina.info publishes links in good faith and cannot be held responsible for content outside the portal.<\/p>\n\n\n\n<h2 class=\"has-ast-global-color-3-color has-text-color has-medium-font-size wp-block-heading\" style=\"font-style:normal;font-weight:700;text-transform:uppercase\">modifying and changing rules:<\/h2>\n\n\n\n<p>Newstem-kutina.info reserves the right to periodically change or modify the rules without notice. Newstem-kutina.info can inform users about important changes and additions by email or by publishing them on the portal. By using any content on the newstem-kutina.info portal, it is considered that you are familiar with the latest rules. <\/p>\n\n\n\n<h2 class=\"has-ast-global-color-3-color has-text-color has-medium-font-size wp-block-heading\" style=\"font-style:normal;font-weight:700;text-transform:uppercase\">contact:<\/h2>\n\n\n\n<p>If you have any questions about our Privacy Policy or your personal data that we hold and how we handle it, please feel free to contact our personal data protection officer.<\/p>\n\n\n\n<p>e-mail: info@kutina.hr<br>Phone: +385 44 692 010<br>address: Trg kralja Tomislava 12, 44 320 Kutina<\/p>\n\n\n\n<p>The city of Kutina<\/p>","protected":false},"excerpt":{"rendered":"<p>Izjava o za\u0161titi privatnosti PRAVILA KORI\u0160TENJA: Kori\u0161tenjem bilo kojeg dijela newstem-kutina.info portala i svih njegovih dijelova automatski prihva\u0107ate sva aktualna pravila kori\u0161tenja. Korisnici su du\u017eni redovito \u010ditati pravila kori\u0161tenja, te se smatra da su korisnici kontinuiranim kori\u0161tenjem newstem-kutina.info portala ili bilo kojeg njegovog dijela, u svakom trenutku upoznati s aktualnim pravilima kori\u0161tenja, te da su &hellip;<\/p>\n<p class=\"read-more\"> <a class=\"\" href=\"https:\/\/www.newstem-kutina.info\/en\/privacy-policy\/\"> <span class=\"screen-reader-text\">Privacy policy<\/span> Read More &raquo;<\/a><\/p>","protected":false},"author":1,"featured_media":0,"parent":0,"menu_order":0,"comment_status":"closed","ping_status":"open","template":"","meta":{"_eb_attr":"","site-sidebar-layout":"no-sidebar","site-content-layout":"plain-container","ast-global-header-display":"","ast-main-header-display":"","ast-hfb-above-header-display":"","ast-hfb-below-header-display":"","ast-hfb-mobile-header-display":"","site-post-title":"disabled","ast-breadcrumbs-content":"","ast-featured-img":"","footer-sml-layout":"","theme-transparent-header-meta":"","adv-header-id-meta":"","stick-header-meta":"","header-above-stick-meta":"","header-main-stick-meta":"","header-below-stick-meta":"","footnotes":""},"_links":{"self":[{"href":"https:\/\/www.newstem-kutina.info\/en\/wp-json\/wp\/v2\/pages\/3"}],"collection":[{"href":"https:\/\/www.newstem-kutina.info\/en\/wp-json\/wp\/v2\/pages"}],"about":[{"href":"https:\/\/www.newstem-kutina.info\/en\/wp-json\/wp\/v2\/types\/page"}],"author":[{"embeddable":true,"href":"https:\/\/www.newstem-kutina.info\/en\/wp-json\/wp\/v2\/users\/1"}],"replies":[{"embeddable":true,"href":"https:\/\/www.newstem-kutina.info\/en\/wp-json\/wp\/v2\/comments?post=3"}],"version-history":[{"count":20,"href":"https:\/\/www.newstem-kutina.info\/en\/wp-json\/wp\/v2\/pages\/3\/revisions"}],"predecessor-version":[{"id":1715,"href":"https:\/\/www.newstem-kutina.info\/en\/wp-json\/wp\/v2\/pages\/3\/revisions\/1715"}],"wp:attachment":[{"href":"https:\/\/www.newstem-kutina.info\/en\/wp-json\/wp\/v2\/media?parent=3"}],"curies":[{"name":"wp","href":"https:\/\/api.w.org\/{rel}","templated":true}]}}