{"id":2618,"date":"2024-03-26T08:07:49","date_gmt":"2024-03-26T07:07:49","guid":{"rendered":"https:\/\/www.newstem-kutina.info\/?page_id=2618"},"modified":"2024-04-05T07:48:01","modified_gmt":"2024-04-05T06:48:01","slug":"edukacija-robotika","status":"publish","type":"page","link":"https:\/\/www.newstem-kutina.info\/en\/edukacija-robotika\/","title":{"rendered":"Edukacija robotika"},"content":{"rendered":"<p><\/p>\n\n\n\n<figure class=\"wp-block-image size-large is-resized\"><img decoding=\"async\" loading=\"lazy\" src=\"https:\/\/www.newstem-kutina.info\/wp-content\/uploads\/2024\/03\/robot-8623039_1280-1024x574.jpg\" alt=\"\" class=\"wp-image-2705\" style=\"width:1067px;height:598px\" width=\"1067\" height=\"598\" srcset=\"https:\/\/www.newstem-kutina.info\/wp-content\/uploads\/2024\/03\/robot-8623039_1280-1024x574.jpg 1024w, https:\/\/www.newstem-kutina.info\/wp-content\/uploads\/2024\/03\/robot-8623039_1280-300x168.jpg 300w, https:\/\/www.newstem-kutina.info\/wp-content\/uploads\/2024\/03\/robot-8623039_1280-768x430.jpg 768w, https:\/\/www.newstem-kutina.info\/wp-content\/uploads\/2024\/03\/robot-8623039_1280-18x10.jpg 18w, https:\/\/www.newstem-kutina.info\/wp-content\/uploads\/2024\/03\/robot-8623039_1280.jpg 1280w\" sizes=\"(max-width: 1067px) 100vw, 1067px\" \/><\/figure>\n\n\n\n<h2 class=\"wp-block-heading has-ast-global-color-3-color has-text-color\" style=\"font-size:25px\">Edukacijski materijali iz robotike<\/h2>\n\n\n\n<div class=\"wp-block-columns is-layout-flex wp-container-3 wp-block-columns-is-layout-flex\">\n<div class=\"wp-block-column is-layout-flow wp-block-column-is-layout-flow\">\n<figure class=\"wp-block-image size-full\"><img decoding=\"async\" loading=\"lazy\" width=\"768\" height=\"409\" src=\"https:\/\/www.newstem-kutina.info\/wp-content\/uploads\/2024\/03\/Snimka-zaslona-2023-06-27-092137-768x409-1.png\" alt=\"\" class=\"wp-image-2630\" srcset=\"https:\/\/www.newstem-kutina.info\/wp-content\/uploads\/2024\/03\/Snimka-zaslona-2023-06-27-092137-768x409-1.png 768w, https:\/\/www.newstem-kutina.info\/wp-content\/uploads\/2024\/03\/Snimka-zaslona-2023-06-27-092137-768x409-1-300x160.png 300w, https:\/\/www.newstem-kutina.info\/wp-content\/uploads\/2024\/03\/Snimka-zaslona-2023-06-27-092137-768x409-1-18x10.png 18w\" sizes=\"(max-width: 768px) 100vw, 768px\" \/><\/figure>\n<\/div>\n\n\n\n<div class=\"wp-block-column is-layout-flow wp-block-column-is-layout-flow\">\n<p><\/p>\n\n\n\n<p><\/p>\n\n\n\n<p style=\"margin-top:var(--wp--preset--spacing--80);margin-bottom:var(--wp--preset--spacing--80)\">Te\u010daj iz UI \u2013 robotike \u2013 <a href=\"https:\/\/course.elementsofai.com\/hr\/\">Link<\/a><\/p>\n\n\n\n<p class=\"has-text-align-left\" style=\"padding-top:0;padding-right:0;padding-bottom:0;padding-left:0\"><\/p>\n<\/div>\n<\/div>\n\n\n\n<p><\/p>\n\n\n\n<div class=\"wp-block-columns is-layout-flex wp-container-6 wp-block-columns-is-layout-flex\">\n<div class=\"wp-block-column is-layout-flow wp-block-column-is-layout-flow\">\n<figure class=\"wp-block-image size-full\"><img decoding=\"async\" loading=\"lazy\" width=\"768\" height=\"426\" src=\"https:\/\/www.newstem-kutina.info\/wp-content\/uploads\/2024\/03\/Snimka-zaslona-2023-06-27-092929-768x426-1.png\" alt=\"\" class=\"wp-image-2634\" srcset=\"https:\/\/www.newstem-kutina.info\/wp-content\/uploads\/2024\/03\/Snimka-zaslona-2023-06-27-092929-768x426-1.png 768w, https:\/\/www.newstem-kutina.info\/wp-content\/uploads\/2024\/03\/Snimka-zaslona-2023-06-27-092929-768x426-1-300x166.png 300w, https:\/\/www.newstem-kutina.info\/wp-content\/uploads\/2024\/03\/Snimka-zaslona-2023-06-27-092929-768x426-1-18x10.png 18w\" sizes=\"(max-width: 768px) 100vw, 768px\" \/><\/figure>\n<\/div>\n\n\n\n<div class=\"wp-block-column is-vertically-aligned-center is-layout-flow wp-block-column-is-layout-flow\">\n<div class=\"wp-block-file alignleft\"><a id=\"wp-block-file--media-6a9f5448-0b37-47f9-a5ae-1f20a922eaa9\" href=\"https:\/\/www.newstem-kutina.info\/wp-content\/uploads\/2024\/03\/UMJETNA-INTELIGENCIJA-UI2-1.zip\">Umjetna inteligencija<\/a><a href=\"https:\/\/www.newstem-kutina.info\/wp-content\/uploads\/2024\/03\/UMJETNA-INTELIGENCIJA-UI2-1.zip\" class=\"wp-block-file__button wp-element-button\" download aria-describedby=\"wp-block-file--media-6a9f5448-0b37-47f9-a5ae-1f20a922eaa9\">Download<\/a><\/div>\n<\/div>\n<\/div>\n\n\n\n<div class=\"wp-block-columns is-layout-flex wp-container-9 wp-block-columns-is-layout-flex\">\n<div class=\"wp-block-column is-layout-flow wp-block-column-is-layout-flow\">\n<figure class=\"wp-block-image size-full\"><img decoding=\"async\" loading=\"lazy\" width=\"678\" height=\"365\" src=\"https:\/\/www.newstem-kutina.info\/wp-content\/uploads\/2024\/03\/boson.webp\" alt=\"\" class=\"wp-image-2710\" srcset=\"https:\/\/www.newstem-kutina.info\/wp-content\/uploads\/2024\/03\/boson.webp 678w, https:\/\/www.newstem-kutina.info\/wp-content\/uploads\/2024\/03\/boson-300x162.webp 300w, https:\/\/www.newstem-kutina.info\/wp-content\/uploads\/2024\/03\/boson-18x10.webp 18w\" sizes=\"(max-width: 678px) 100vw, 678px\" \/><\/figure>\n<\/div>\n\n\n\n<div class=\"wp-block-column is-vertically-aligned-center is-layout-flow wp-block-column-is-layout-flow\">\n<div class=\"wp-block-file alignleft\"><a id=\"wp-block-file--media-f344f6b5-042e-46eb-badd-c940e328d0b4\" href=\"https:\/\/www.newstem-kutina.info\/wp-content\/uploads\/2024\/03\/Boson-prezentacija.zip\">Boson-prezentacija<\/a><a href=\"https:\/\/www.newstem-kutina.info\/wp-content\/uploads\/2024\/03\/Boson-prezentacija.zip\" class=\"wp-block-file__button wp-element-button\" download aria-describedby=\"wp-block-file--media-f344f6b5-042e-46eb-badd-c940e328d0b4\">Download<\/a><\/div>\n<\/div>\n<\/div>\n\n\n\n<div class=\"wp-block-columns is-layout-flex wp-container-12 wp-block-columns-is-layout-flex\">\n<div class=\"wp-block-column is-layout-flow wp-block-column-is-layout-flow\">\n<figure class=\"wp-block-image size-large\"><img decoding=\"async\" loading=\"lazy\" width=\"1024\" height=\"518\" src=\"https:\/\/www.newstem-kutina.info\/wp-content\/uploads\/2024\/03\/Screenshot-93-1024x518.png\" alt=\"\" class=\"wp-image-2662\" srcset=\"https:\/\/www.newstem-kutina.info\/wp-content\/uploads\/2024\/03\/Screenshot-93-1024x518.png 1024w, https:\/\/www.newstem-kutina.info\/wp-content\/uploads\/2024\/03\/Screenshot-93-300x152.png 300w, https:\/\/www.newstem-kutina.info\/wp-content\/uploads\/2024\/03\/Screenshot-93-768x388.png 768w, https:\/\/www.newstem-kutina.info\/wp-content\/uploads\/2024\/03\/Screenshot-93-1536x777.png 1536w, https:\/\/www.newstem-kutina.info\/wp-content\/uploads\/2024\/03\/Screenshot-93-18x9.png 18w, https:\/\/www.newstem-kutina.info\/wp-content\/uploads\/2024\/03\/Screenshot-93.png 2027w\" sizes=\"(max-width: 1024px) 100vw, 1024px\" \/><\/figure>\n<\/div>\n\n\n\n<div class=\"wp-block-column is-vertically-aligned-center is-layout-flow wp-block-column-is-layout-flow\">\n<div class=\"wp-block-file alignleft\"><a id=\"wp-block-file--media-a5674fda-4851-400b-afbf-70099debc625\" href=\"https:\/\/www.newstem-kutina.info\/wp-content\/uploads\/2024\/03\/Roboti-maqueen-V2-Python.zip\">Roboti maqueen V2 Python<\/a><a href=\"https:\/\/www.newstem-kutina.info\/wp-content\/uploads\/2024\/03\/Roboti-maqueen-V2-Python.zip\" class=\"wp-block-file__button wp-element-button\" download aria-describedby=\"wp-block-file--media-a5674fda-4851-400b-afbf-70099debc625\">Download<\/a><\/div>\n<\/div>\n<\/div>\n\n\n\n<div class=\"wp-block-columns is-layout-flex wp-container-15 wp-block-columns-is-layout-flex\">\n<div class=\"wp-block-column is-layout-flow wp-block-column-is-layout-flow\">\n<figure class=\"wp-block-image size-full\"><img decoding=\"async\" loading=\"lazy\" width=\"768\" height=\"346\" src=\"https:\/\/www.newstem-kutina.info\/wp-content\/uploads\/2024\/03\/Snimka-zaslona-2023-06-27-093127-768x346-1.png\" alt=\"\" class=\"wp-image-2656\" srcset=\"https:\/\/www.newstem-kutina.info\/wp-content\/uploads\/2024\/03\/Snimka-zaslona-2023-06-27-093127-768x346-1.png 768w, https:\/\/www.newstem-kutina.info\/wp-content\/uploads\/2024\/03\/Snimka-zaslona-2023-06-27-093127-768x346-1-300x135.png 300w, https:\/\/www.newstem-kutina.info\/wp-content\/uploads\/2024\/03\/Snimka-zaslona-2023-06-27-093127-768x346-1-18x8.png 18w\" sizes=\"(max-width: 768px) 100vw, 768px\" \/><\/figure>\n<\/div>\n\n\n\n<div class=\"wp-block-column is-layout-flow wp-block-column-is-layout-flow\">\n<p style=\"margin-top:var(--wp--preset--spacing--80);margin-bottom:var(--wp--preset--spacing--80)\">Python editor link:&nbsp; <a href=\"https:\/\/python.microbit.org\/v\/3\">Editor<\/a><\/p>\n<\/div>\n<\/div>\n\n\n\n<p class=\"has-text-align-left has-medium-font-size\"><\/p>\n\n\n\n<div class=\"wp-block-columns is-layout-flex wp-container-20 wp-block-columns-is-layout-flex\">\n<div class=\"wp-block-column is-layout-flow wp-block-column-is-layout-flow\">\n<p class=\"has-medium-font-size\"><strong>Upute za programiranje robota u Python editoru<\/strong><\/p>\n\n\n\n<p><\/p>\n\n\n\n<p><\/p>\n\n\n\n<p>Editor<\/p>\n\n\n\n<figure class=\"wp-block-image size-large\"><img decoding=\"async\" loading=\"lazy\" width=\"1024\" height=\"491\" src=\"https:\/\/www.newstem-kutina.info\/wp-content\/uploads\/2024\/03\/slika1.jpg-1024x491.png\" alt=\"\" class=\"wp-image-2668\" srcset=\"https:\/\/www.newstem-kutina.info\/wp-content\/uploads\/2024\/03\/slika1.jpg-1024x491.png 1024w, https:\/\/www.newstem-kutina.info\/wp-content\/uploads\/2024\/03\/slika1.jpg-300x144.png 300w, https:\/\/www.newstem-kutina.info\/wp-content\/uploads\/2024\/03\/slika1.jpg-768x368.png 768w, https:\/\/www.newstem-kutina.info\/wp-content\/uploads\/2024\/03\/slika1.jpg-18x9.png 18w, https:\/\/www.newstem-kutina.info\/wp-content\/uploads\/2024\/03\/slika1.jpg.png 1379w\" sizes=\"(max-width: 1024px) 100vw, 1024px\" \/><\/figure>\n\n\n\n<p><strong>Sastoji se od tri cjeline.<\/strong><\/p>\n\n\n\n<ul>\n<li>Zelena zona s primjerima koda<\/li>\n\n\n\n<li>Crvena zona &nbsp;s mjestom za pisanje koda<\/li>\n\n\n\n<li>Plava zona pokretanje koda i simulator<\/li>\n<\/ul>\n\n\n\n<p>Koraci za programiranje robota:<\/p>\n\n\n\n<ul>\n<li>Preuzimanje datoteke <strong>maqueen.txt<\/strong><\/li>\n\n\n\n<li>Kreiranje nove biblioteke (python file)<\/li>\n<\/ul>\n\n\n\n<figure class=\"wp-block-image size-full\"><img decoding=\"async\" loading=\"lazy\" width=\"487\" height=\"174\" src=\"https:\/\/www.newstem-kutina.info\/wp-content\/uploads\/2024\/03\/slika2.png\" alt=\"\" class=\"wp-image-2669\" srcset=\"https:\/\/www.newstem-kutina.info\/wp-content\/uploads\/2024\/03\/slika2.png 487w, https:\/\/www.newstem-kutina.info\/wp-content\/uploads\/2024\/03\/slika2-300x107.png 300w, https:\/\/www.newstem-kutina.info\/wp-content\/uploads\/2024\/03\/slika2-18x6.png 18w\" sizes=\"(max-width: 487px) 100vw, 487px\" \/><\/figure>\n\n\n\n<figure class=\"wp-block-image size-full\"><img decoding=\"async\" loading=\"lazy\" width=\"478\" height=\"229\" src=\"https:\/\/www.newstem-kutina.info\/wp-content\/uploads\/2024\/03\/slika3.png\" alt=\"\" class=\"wp-image-2670\" srcset=\"https:\/\/www.newstem-kutina.info\/wp-content\/uploads\/2024\/03\/slika3.png 478w, https:\/\/www.newstem-kutina.info\/wp-content\/uploads\/2024\/03\/slika3-300x144.png 300w, https:\/\/www.newstem-kutina.info\/wp-content\/uploads\/2024\/03\/slika3-18x9.png 18w\" sizes=\"(max-width: 478px) 100vw, 478px\" \/><\/figure>\n\n\n\n<p>Preuzetu datoteku treba otvoriti u textualnom editoru naprimjer u  Notepad u istom odabrati cijeli sadr\u017eaj&nbsp; i kopirati&nbsp; pod novi \u201eProject\u201c s nazivom \u201emaqueen\u201c&nbsp; koji se kasnije bude pozivao u glavnom dijelu programa <strong>main.py.<\/strong><\/p>\n\n\n\n<p><strong> <\/strong>Biblioteka se poziva s naredbom <strong>&nbsp;\u201e<\/strong>from maqueen import *\u201c<\/p>\n\n\n\n<p>Zatim slijedi pisanje &nbsp;ili kopiranje postoje\u0107eg koda u <strong>main.py<\/strong><\/p>\n\n\n\n<p>Za sva dodatna pitanja u svezi priprema za takmi\u010denje slobodno kontaktirajte g. Engler An\u0111elina.<\/p>\n<\/div>\n\n\n\n<div class=\"wp-block-column is-layout-flow wp-block-column-is-layout-flow\">\n<p><\/p>\n\n\n\n<p><\/p>\n\n\n\n<p><\/p>\n\n\n\n<h2 class=\"wp-block-heading\"><\/h2>\n\n\n\n<div class=\"wp-block-columns is-layout-flex wp-container-18 wp-block-columns-is-layout-flex\">\n<div class=\"wp-block-column is-layout-flow wp-block-column-is-layout-flow\" style=\"flex-basis:100%\">\n<p><\/p>\n\n\n\n<p><\/p>\n\n\n\n<p><\/p>\n\n\n\n<p><\/p>\n\n\n\n<p>Datoteke koje je potrebno preuzeti:<\/p>\n<\/div>\n<\/div>\n\n\n\n<div class=\"wp-block-file\"><a id=\"wp-block-file--media-76c6bd56-bc2d-4676-b8f8-f6535b98e0f9\" href=\"https:\/\/www.newstem-kutina.info\/wp-content\/uploads\/2024\/03\/maqueen.zip\">maqueen<\/a><a href=\"https:\/\/www.newstem-kutina.info\/wp-content\/uploads\/2024\/03\/maqueen.zip\" class=\"wp-block-file__button wp-element-button\" download aria-describedby=\"wp-block-file--media-76c6bd56-bc2d-4676-b8f8-f6535b98e0f9\">Download<\/a><\/div>\n\n\n\n<p><\/p>\n\n\n\n<div class=\"wp-block-file\"><a id=\"wp-block-file--media-4f74dea7-8701-4f1a-a248-8b461b84b212\" href=\"https:\/\/www.newstem-kutina.info\/wp-content\/uploads\/2024\/03\/vjezbe-maqueen.zip\">Vje\u017ebe maqueen<\/a><a href=\"https:\/\/www.newstem-kutina.info\/wp-content\/uploads\/2024\/03\/vjezbe-maqueen.zip\" class=\"wp-block-file__button wp-element-button\" download aria-describedby=\"wp-block-file--media-4f74dea7-8701-4f1a-a248-8b461b84b212\">Download<\/a><\/div>\n\n\n\n<div class=\"wp-block-file\"><a id=\"wp-block-file--media-1806a707-4324-4078-adca-bc771ea62a27\" href=\"https:\/\/www.newstem-kutina.info\/wp-content\/uploads\/2024\/03\/Pracenje-i-zaobilazenje.zip\">Pra\u0107enje i zaobila\u017eenje<\/a><a href=\"https:\/\/www.newstem-kutina.info\/wp-content\/uploads\/2024\/03\/Pracenje-i-zaobilazenje.zip\" class=\"wp-block-file__button wp-element-button\" download aria-describedby=\"wp-block-file--media-1806a707-4324-4078-adca-bc771ea62a27\">Download<\/a><\/div>\n<\/div>\n<\/div>\n\n\n<p><strong>Napomena za pripreme u\u010denika za takmi\u010denje:<\/strong><\/p>\n<ul>\n<li>u\u010denici trebaju odraditi vje\u017ebe paljenja i ga\u0161enja RGB led dioda<\/li>\n<li>u\u010denici trebaju odraditi vje\u017ebe paljenja i ga\u0161enja crvenih LED dioda<\/li>\n<li>u\u010denici trebaju odraditi vje\u017ebe s ultrazvu\u010dnim senzorom<\/li>\n<li>u\u010denici trebaju odraditi vje\u017ebe kretanja na poligonu i pra\u0107enje crne linije<\/li>\n<\/ul>\n\n\n<p><\/p>\n\n\n\n<p><em>Sadr\u017eaj publikacije isklju\u010diva je odgovornost Grada Kutine. Sredstva su osigurana kroz Financijski mehanizam Europskog gospodarskog prostora Islanda, Lihten\u0161tajna i Norve\u0161ke u okviru Programa Lokalni razvoj i smanjenje siroma\u0161tva.<\/em><\/p>\n\n\n\n<p><\/p>","protected":false},"excerpt":{"rendered":"<p>Edukacijski materijali iz robotike Te\u010daj iz UI \u2013 robotike \u2013 Link Python editor link:&nbsp; Editor Upute za programiranje robota u Python editoru Editor Sastoji se od tri cjeline. Koraci za programiranje robota: Preuzetu datoteku treba otvoriti u textualnom editoru naprimjer u Notepad u istom odabrati cijeli sadr\u017eaj&nbsp; i kopirati&nbsp; pod novi \u201eProject\u201c s nazivom \u201emaqueen\u201c&nbsp; &hellip;<\/p>\n<p class=\"read-more\"> <a class=\"\" href=\"https:\/\/www.newstem-kutina.info\/en\/edukacija-robotika\/\"> <span class=\"screen-reader-text\">Edukacija robotika<\/span> Read More &raquo;<\/a><\/p>","protected":false},"author":1,"featured_media":0,"parent":0,"menu_order":0,"comment_status":"closed","ping_status":"closed","template":"","meta":{"_eb_attr":"","site-sidebar-layout":"default","site-content-layout":"content-boxed-container","ast-global-header-display":"","ast-main-header-display":"","ast-hfb-above-header-display":"","ast-hfb-below-header-display":"","ast-hfb-mobile-header-display":"","site-post-title":"disabled","ast-breadcrumbs-content":"","ast-featured-img":"","footer-sml-layout":"","theme-transparent-header-meta":"","adv-header-id-meta":"","stick-header-meta":"","header-above-stick-meta":"","header-main-stick-meta":"","header-below-stick-meta":"","footnotes":""},"_links":{"self":[{"href":"https:\/\/www.newstem-kutina.info\/en\/wp-json\/wp\/v2\/pages\/2618"}],"collection":[{"href":"https:\/\/www.newstem-kutina.info\/en\/wp-json\/wp\/v2\/pages"}],"about":[{"href":"https:\/\/www.newstem-kutina.info\/en\/wp-json\/wp\/v2\/types\/page"}],"author":[{"embeddable":true,"href":"https:\/\/www.newstem-kutina.info\/en\/wp-json\/wp\/v2\/users\/1"}],"replies":[{"embeddable":true,"href":"https:\/\/www.newstem-kutina.info\/en\/wp-json\/wp\/v2\/comments?post=2618"}],"version-history":[{"count":77,"href":"https:\/\/www.newstem-kutina.info\/en\/wp-json\/wp\/v2\/pages\/2618\/revisions"}],"predecessor-version":[{"id":2751,"href":"https:\/\/www.newstem-kutina.info\/en\/wp-json\/wp\/v2\/pages\/2618\/revisions\/2751"}],"wp:attachment":[{"href":"https:\/\/www.newstem-kutina.info\/en\/wp-json\/wp\/v2\/media?parent=2618"}],"curies":[{"name":"wp","href":"https:\/\/api.w.org\/{rel}","templated":true}]}}