{"id":1133,"date":"2023-02-20T09:28:51","date_gmt":"2023-02-20T09:28:51","guid":{"rendered":"https:\/\/www.future.infotisak-koscica.hr\/?page_id=1133"},"modified":"2023-02-24T07:58:45","modified_gmt":"2023-02-24T07:58:45","slug":"stem_vjestine","status":"publish","type":"page","link":"https:\/\/www.newstem-kutina.info\/en\/stem_vjestine\/","title":{"rendered":"Improving STEM skills"},"content":{"rendered":"<div class=\"wp-block-media-text alignwide is-stacked-on-mobile has-ast-global-color-6-background-color has-background has-medium-font-size\" style=\"padding-top:var(--wp--preset--spacing--50);padding-right:var(--wp--preset--spacing--50);padding-bottom:var(--wp--preset--spacing--50);padding-left:var(--wp--preset--spacing--50);grid-template-columns:26% auto\"><figure class=\"wp-block-media-text__media\"><img decoding=\"async\" loading=\"lazy\" width=\"640\" height=\"427\" src=\"https:\/\/www.future.infotisak-koscica.hr\/wp-content\/uploads\/2023\/02\/stem.jpg\" alt=\"\" class=\"wp-image-1026 size-full\" srcset=\"https:\/\/www.newstem-kutina.info\/wp-content\/uploads\/2023\/02\/stem.jpg 640w, https:\/\/www.newstem-kutina.info\/wp-content\/uploads\/2023\/02\/stem-300x200.jpg 300w, https:\/\/www.newstem-kutina.info\/wp-content\/uploads\/2023\/02\/stem-18x12.jpg 18w\" sizes=\"(max-width: 640px) 100vw, 640px\" \/><\/figure><div class=\"wp-block-media-text__content\">\n<p style=\"text-align: justify;\">The achievement of the subject result is achieved by the implementation of activities aimed at 100 teachers and 600 students of 5 primary schools in the area of Kutina. The achievement of results is a consequence of the implementation of training activities for trainers and education for teachers: Teaching STEM subjects in primary schools, Development and implementation of informal educational activities in the STEM field of mathematics, Introduction to robotics for teachers in primary schools, Product development - CAD and prototyping, VR in development products, Industry 4.0-learning factory and artificial intelligence; AL and machine learning, Study visit to the CRTA regional center at FSB for teachers, Study visit\/Norway, and for students: Robotics in the elective course of informatics - classroom teaching, Robotics - 3D design and print of objects, Modeling and prototyping, VR in development products, Artificial intelligence, Visit to a smart factory, Kutin math league, Making rc radio gliders and airplanes, Visit to the Regional Center. Chemistry and biology as STEM etc.<\/p>\n<\/div><\/div>\n\n\n\n<div class=\"wp-block-group alignfull has-background has-small-font-size is-layout-constrained wp-container-1 wp-block-group-is-layout-constrained\" id=\"contact\" style=\"background:linear-gradient(135deg,rgb(6,147,227) 0%,rgb(84,67,135) 100%);padding-top:25px;padding-right:0;padding-bottom:40px\">\n<h3 class=\"alignwide has-text-align-center has-text-color has-medium-font-size wp-block-heading\" style=\"color:#ffffff;margin-top:0;margin-right:0;margin-bottom:0;margin-left:0;padding-top:var(--wp--preset--spacing--30);padding-right:var(--wp--preset--spacing--30);padding-bottom:var(--wp--preset--spacing--30);padding-left:var(--wp--preset--spacing--30)\">Strengthening of STEM skills in primary schools and development of Regional Science Centers for primary school education in the STEM field.<\/h3>\n<\/div>","protected":false},"excerpt":{"rendered":"<p>Ostvarenje predmetnog rezultata posti\u017ee se provedbom aktivnosti usmjerenih prema 100 u\u010ditelja i 600 u\u010denika 5 osnovnih \u0161kola s podru\u010dja Kutine. Ostvarenje rezultata je posljedica provedbe aktivnosti treninga trenera i edukacija namijenjenim u\u010diteljima: Podu\u010davanje STEM predmeta u osnovnim \u0161kolama, Razvoj i provedba neformalnih obrazovnih aktivnosti u STEM polju matematike, Uvod u robotiku za u\u010ditelje u osnovnoj &hellip;<\/p>\n<p class=\"read-more\"> <a class=\"\" href=\"https:\/\/www.newstem-kutina.info\/en\/stem_vjestine\/\"> <span class=\"screen-reader-text\">Improving STEM skills<\/span> Read More &raquo;<\/a><\/p>","protected":false},"author":2,"featured_media":0,"parent":0,"menu_order":0,"comment_status":"closed","ping_status":"closed","template":"","meta":{"_eb_attr":"","site-sidebar-layout":"default","site-content-layout":"default","ast-global-header-display":"","ast-main-header-display":"","ast-hfb-above-header-display":"","ast-hfb-below-header-display":"","ast-hfb-mobile-header-display":"","site-post-title":"","ast-breadcrumbs-content":"","ast-featured-img":"","footer-sml-layout":"","theme-transparent-header-meta":"","adv-header-id-meta":"","stick-header-meta":"","header-above-stick-meta":"","header-main-stick-meta":"","header-below-stick-meta":"","footnotes":""},"_links":{"self":[{"href":"https:\/\/www.newstem-kutina.info\/en\/wp-json\/wp\/v2\/pages\/1133"}],"collection":[{"href":"https:\/\/www.newstem-kutina.info\/en\/wp-json\/wp\/v2\/pages"}],"about":[{"href":"https:\/\/www.newstem-kutina.info\/en\/wp-json\/wp\/v2\/types\/page"}],"author":[{"embeddable":true,"href":"https:\/\/www.newstem-kutina.info\/en\/wp-json\/wp\/v2\/users\/2"}],"replies":[{"embeddable":true,"href":"https:\/\/www.newstem-kutina.info\/en\/wp-json\/wp\/v2\/comments?post=1133"}],"version-history":[{"count":11,"href":"https:\/\/www.newstem-kutina.info\/en\/wp-json\/wp\/v2\/pages\/1133\/revisions"}],"predecessor-version":[{"id":1776,"href":"https:\/\/www.newstem-kutina.info\/en\/wp-json\/wp\/v2\/pages\/1133\/revisions\/1776"}],"wp:attachment":[{"href":"https:\/\/www.newstem-kutina.info\/en\/wp-json\/wp\/v2\/media?parent=1133"}],"curies":[{"name":"wp","href":"https:\/\/api.w.org\/{rel}","templated":true}]}}